{"id":4439,"date":"2026-03-15T05:24:38","date_gmt":"2026-03-15T04:24:38","guid":{"rendered":"https:\/\/matthias-walter-koch.de\/?post_type=product&#038;p=4439"},"modified":"2026-03-26T05:29:17","modified_gmt":"2026-03-26T04:29:17","slug":"kochkurs-27-03-2026-kitchen-table","status":"publish","type":"product","link":"https:\/\/matthias-walter-koch.de\/index.php\/produkt\/kochkurs-27-03-2026-kitchen-table\/","title":{"rendered":"Kochkurs 27.03.2026 &#8211; Kitchen Table"},"content":{"rendered":"<p>F\u00fcr exklusiv 20 G\u00e4ste bieten wir ein 5-G\u00e4nge-Men\u00fc in unserer Kochschule an. An diesem Abend serviert Ihnen unsere K\u00fcchen-Crew ein \u00dcberraschungsmen\u00fc im Gourmet-Style. Freuen Sie sich auf ein einzigartiges Erlebnis mit interessanten Gespr\u00e4chen und tollen Gerichten bei einem leckeren Gl\u00e4schen Wein.<\/p>\n<p>&#8211;\u00a0 Preis pro Person: 69,90 \u20ac (Getr\u00e4nke werden extra berechnet)<\/p>\n<p>&#8211; 5-G\u00e4nge Men\u00fc<br \/>\n&#8211; \u00dcberraschungsmen\u00fc im Gourmet-Style<\/p>\n<p>Wir freuen uns darauf Sie in unserer Kochschule willkommen hei\u00dfen zu d\u00fcrfen!<br \/>\nAdresse: Amtswiese 4, 73337 Bad \u00dcberkingen<\/p>\n","protected":false},"excerpt":{"rendered":"<p>F\u00fcr exklusiv 20 G\u00e4ste bieten wir ein 5-G\u00e4nge-Men\u00fc in unserer Kochschule an. An diesem Abend serviert Ihnen unsere K\u00fcchen-Crew ein \u00dcberraschungsmen\u00fc im Gourmet-Style. Freuen Sie sich auf ein einzigartiges Erlebnis mit interessanten Gespr\u00e4chen und tollen Gerichten bei einem leckeren Gl\u00e4schen Wein. &#8211;\u00a0 Preis pro Person: 69,90 \u20ac (Getr\u00e4nke werden extra berechnet) &#8211; 5-G\u00e4nge Men\u00fc &#8211; \u00dcberraschungsmen\u00fc im Gourmet-Style Wir freuen uns darauf Sie in unserer Kochschule willkommen hei\u00dfen zu d\u00fcrfen! Adresse: Amtswiese 4, 73337 Bad \u00dcberkingen<\/p>\n","protected":false},"featured_media":4103,"comment_status":"open","ping_status":"closed","template":"","meta":[],"product_brand":[],"product_cat":[158],"product_tag":[],"class_list":{"0":"post-4439","1":"product","2":"type-product","3":"status-publish","4":"has-post-thumbnail","6":"product_cat-kochkurse","8":"first","9":"instock","10":"virtual","11":"taxable","12":"purchasable","13":"product-type-simple"},"_links":{"self":[{"href":"https:\/\/matthias-walter-koch.de\/index.php\/wp-json\/wp\/v2\/product\/4439","targetHints":{"allow":["GET"]}}],"collection":[{"href":"https:\/\/matthias-walter-koch.de\/index.php\/wp-json\/wp\/v2\/product"}],"about":[{"href":"https:\/\/matthias-walter-koch.de\/index.php\/wp-json\/wp\/v2\/types\/product"}],"replies":[{"embeddable":true,"href":"https:\/\/matthias-walter-koch.de\/index.php\/wp-json\/wp\/v2\/comments?post=4439"}],"wp:featuredmedia":[{"embeddable":true,"href":"https:\/\/matthias-walter-koch.de\/index.php\/wp-json\/wp\/v2\/media\/4103"}],"wp:attachment":[{"href":"https:\/\/matthias-walter-koch.de\/index.php\/wp-json\/wp\/v2\/media?parent=4439"}],"wp:term":[{"taxonomy":"product_brand","embeddable":true,"href":"https:\/\/matthias-walter-koch.de\/index.php\/wp-json\/wp\/v2\/product_brand?post=4439"},{"taxonomy":"product_cat","embeddable":true,"href":"https:\/\/matthias-walter-koch.de\/index.php\/wp-json\/wp\/v2\/product_cat?post=4439"},{"taxonomy":"product_tag","embeddable":true,"href":"https:\/\/matthias-walter-koch.de\/index.php\/wp-json\/wp\/v2\/product_tag?post=4439"}],"curies":[{"name":"wp","href":"https:\/\/api.w.org\/{rel}","templated":true}]}}