{"id":4287,"date":"2026-03-07T21:58:12","date_gmt":"2026-03-07T20:58:12","guid":{"rendered":"https:\/\/matthias-walter-koch.de\/?post_type=product&#038;p=4287"},"modified":"2026-03-11T22:03:58","modified_gmt":"2026-03-11T21:03:58","slug":"kochkurs-24-09-2026-viva-tapas-spanischer-genuss-in-kleinen-haeppchen","status":"publish","type":"product","link":"https:\/\/matthias-walter-koch.de\/index.php\/produkt\/kochkurs-24-09-2026-viva-tapas-spanischer-genuss-in-kleinen-haeppchen\/","title":{"rendered":"Kochkurs 24.09.2026 &#8211; Viva Tapas! \u2013 Spanischer Genuss in kleinen H\u00e4ppchen"},"content":{"rendered":"<p>Tauchen Sie ein in die kulinarische Welt Spaniens! In unserem Tapas-Kochkurs lernen Sie, wie aus einfachen Zutaten raffinierte kleine K\u00f6stlichkeiten entstehen, die sich wunderbar kombinieren und teilen lassen. Ob knusprige Croquetas, w\u00fcrzige Alb\u00f3ndigas oder frische mediterrane Klassiker \u2013 gemeinsam zaubern wir eine bunte Vielfalt, die nach Urlaub, Sonne und geselligem Miteinander schmeckt. Unter fachkundiger Anleitung bereiten wir verschiedene Tapas zu, entdecken spannende Tipps und Tricks der spanischen K\u00fcche und genie\u00dfen anschlie\u00dfend in entspannter Runde die selbstgemachten Leckereien \u2013 nat\u00fcrlich begleitet von einem passenden Glas Wein.<\/p>\n<p>Der Kochkurs beginnt um 18:30 Uhr!<\/p>\n<p>Wir freuen uns darauf Sie in unserer Kochschule willkommen hei\u00dfen zu d\u00fcrfen!<br \/>\nAdresse: Amtswiese 4, 73337 Bad \u00dcberkingen<\/p>\n","protected":false},"excerpt":{"rendered":"<p>Tauchen Sie ein in die kulinarische Welt Spaniens! In unserem Tapas-Kochkurs lernen Sie, wie aus einfachen Zutaten raffinierte kleine K\u00f6stlichkeiten entstehen, die sich wunderbar kombinieren und teilen lassen. Ob knusprige Croquetas, w\u00fcrzige Alb\u00f3ndigas oder frische mediterrane Klassiker \u2013 gemeinsam zaubern wir eine bunte Vielfalt, die nach Urlaub, Sonne und geselligem Miteinander schmeckt. Unter fachkundiger Anleitung bereiten wir verschiedene Tapas zu, entdecken spannende Tipps und Tricks der spanischen K\u00fcche und genie\u00dfen anschlie\u00dfend in entspannter Runde die selbstgemachten Leckereien \u2013 nat\u00fcrlich begleitet von einem passenden Glas Wein. Der Kochkurs beginnt um 18:30 Uhr! Wir freuen uns darauf Sie in unserer Kochschule willkommen<span class=\"excerpt-hellip\"> [\u2026]<\/span><\/p>\n","protected":false},"featured_media":4103,"comment_status":"open","ping_status":"closed","template":"","meta":[],"product_brand":[],"product_cat":[158],"product_tag":[],"class_list":{"0":"post-4287","1":"product","2":"type-product","3":"status-publish","4":"has-post-thumbnail","6":"product_cat-kochkurse","8":"first","9":"instock","10":"virtual","11":"taxable","12":"purchasable","13":"product-type-simple"},"_links":{"self":[{"href":"https:\/\/matthias-walter-koch.de\/index.php\/wp-json\/wp\/v2\/product\/4287","targetHints":{"allow":["GET"]}}],"collection":[{"href":"https:\/\/matthias-walter-koch.de\/index.php\/wp-json\/wp\/v2\/product"}],"about":[{"href":"https:\/\/matthias-walter-koch.de\/index.php\/wp-json\/wp\/v2\/types\/product"}],"replies":[{"embeddable":true,"href":"https:\/\/matthias-walter-koch.de\/index.php\/wp-json\/wp\/v2\/comments?post=4287"}],"wp:featuredmedia":[{"embeddable":true,"href":"https:\/\/matthias-walter-koch.de\/index.php\/wp-json\/wp\/v2\/media\/4103"}],"wp:attachment":[{"href":"https:\/\/matthias-walter-koch.de\/index.php\/wp-json\/wp\/v2\/media?parent=4287"}],"wp:term":[{"taxonomy":"product_brand","embeddable":true,"href":"https:\/\/matthias-walter-koch.de\/index.php\/wp-json\/wp\/v2\/product_brand?post=4287"},{"taxonomy":"product_cat","embeddable":true,"href":"https:\/\/matthias-walter-koch.de\/index.php\/wp-json\/wp\/v2\/product_cat?post=4287"},{"taxonomy":"product_tag","embeddable":true,"href":"https:\/\/matthias-walter-koch.de\/index.php\/wp-json\/wp\/v2\/product_tag?post=4287"}],"curies":[{"name":"wp","href":"https:\/\/api.w.org\/{rel}","templated":true}]}}