{"id":4286,"date":"2026-03-08T21:58:12","date_gmt":"2026-03-08T20:58:12","guid":{"rendered":"https:\/\/matthias-walter-koch.de\/?post_type=product&#038;p=4286"},"modified":"2026-03-11T22:03:39","modified_gmt":"2026-03-11T21:03:39","slug":"kochkurs-10-07-2026-kochkurs-fuer-weltenbummler","status":"publish","type":"product","link":"https:\/\/matthias-walter-koch.de\/index.php\/produkt\/kochkurs-10-07-2026-kochkurs-fuer-weltenbummler\/","title":{"rendered":"Kochkurs 10.07.2026 &#8211; Kochkurs f\u00fcr Weltenbummler"},"content":{"rendered":"<p>Fernweh? Dann begib dich auf eine kulinarische Reise nach S\u00fcdostasien an diesem Abend. Frische Kr\u00e4uter, exotische Gew\u00fcrze und die perfekte Balance von s\u00fc\u00df, sauer, salzig und scharf machen diese Reise zu einem besonderen Erlebnis. Gemeinsam bereiten wir typische Gerichte aus L\u00e4ndern wie Thailand, Vietnam und Indonesien zu \u2013 von duftenden Currys \u00fcber knusprige Snacks bis hin zu raffinierten Streetfood-Klassikern. Sie erhalten praktischen Tipps zum Schneiden, W\u00fcrzen und Anrichten der Speisen von unserem K\u00fcchenchef. Am Ende genie\u00dfen wir die gemeinsam gekochten K\u00f6stlichkeiten in geselliger Runde.<\/p>\n<p>Der Kochkurs beginnt um 18:30 Uhr!<\/p>\n<p>Wir freuen uns darauf Sie in unserer Kochschule willkommen hei\u00dfen zu d\u00fcrfen!<br \/>\nAdresse: Amtswiese 4, 73337 Bad \u00dcberkingen<\/p>\n","protected":false},"excerpt":{"rendered":"<p>Fernweh? Dann begib dich auf eine kulinarische Reise nach S\u00fcdostasien an diesem Abend. Frische Kr\u00e4uter, exotische Gew\u00fcrze und die perfekte Balance von s\u00fc\u00df, sauer, salzig und scharf machen diese Reise zu einem besonderen Erlebnis. Gemeinsam bereiten wir typische Gerichte aus L\u00e4ndern wie Thailand, Vietnam und Indonesien zu \u2013 von duftenden Currys \u00fcber knusprige Snacks bis hin zu raffinierten Streetfood-Klassikern. Sie erhalten praktischen Tipps zum Schneiden, W\u00fcrzen und Anrichten der Speisen von unserem K\u00fcchenchef. Am Ende genie\u00dfen wir die gemeinsam gekochten K\u00f6stlichkeiten in geselliger Runde. Der Kochkurs beginnt um 18:30 Uhr! Wir freuen uns darauf Sie in unserer Kochschule willkommen hei\u00dfen<span class=\"excerpt-hellip\"> [\u2026]<\/span><\/p>\n","protected":false},"featured_media":4103,"comment_status":"open","ping_status":"closed","template":"","meta":[],"product_brand":[],"product_cat":[158],"product_tag":[],"class_list":{"0":"post-4286","1":"product","2":"type-product","3":"status-publish","4":"has-post-thumbnail","6":"product_cat-kochkurse","8":"first","9":"instock","10":"virtual","11":"taxable","12":"purchasable","13":"product-type-simple"},"_links":{"self":[{"href":"https:\/\/matthias-walter-koch.de\/index.php\/wp-json\/wp\/v2\/product\/4286","targetHints":{"allow":["GET"]}}],"collection":[{"href":"https:\/\/matthias-walter-koch.de\/index.php\/wp-json\/wp\/v2\/product"}],"about":[{"href":"https:\/\/matthias-walter-koch.de\/index.php\/wp-json\/wp\/v2\/types\/product"}],"replies":[{"embeddable":true,"href":"https:\/\/matthias-walter-koch.de\/index.php\/wp-json\/wp\/v2\/comments?post=4286"}],"wp:featuredmedia":[{"embeddable":true,"href":"https:\/\/matthias-walter-koch.de\/index.php\/wp-json\/wp\/v2\/media\/4103"}],"wp:attachment":[{"href":"https:\/\/matthias-walter-koch.de\/index.php\/wp-json\/wp\/v2\/media?parent=4286"}],"wp:term":[{"taxonomy":"product_brand","embeddable":true,"href":"https:\/\/matthias-walter-koch.de\/index.php\/wp-json\/wp\/v2\/product_brand?post=4286"},{"taxonomy":"product_cat","embeddable":true,"href":"https:\/\/matthias-walter-koch.de\/index.php\/wp-json\/wp\/v2\/product_cat?post=4286"},{"taxonomy":"product_tag","embeddable":true,"href":"https:\/\/matthias-walter-koch.de\/index.php\/wp-json\/wp\/v2\/product_tag?post=4286"}],"curies":[{"name":"wp","href":"https:\/\/api.w.org\/{rel}","templated":true}]}}