{"id":4285,"date":"2026-03-02T21:58:12","date_gmt":"2026-03-02T20:58:12","guid":{"rendered":"https:\/\/matthias-walter-koch.de\/?post_type=product&#038;p=4285"},"modified":"2026-03-30T08:49:28","modified_gmt":"2026-03-30T06:49:28","slug":"kochkurs-25-06-2026-kochkurs-suedamerika","status":"publish","type":"product","link":"https:\/\/matthias-walter-koch.de\/index.php\/produkt\/kochkurs-25-06-2026-kochkurs-suedamerika\/","title":{"rendered":"Kochkurs 25.06.2026 &#8211; Kochkurs S\u00fcdamerika"},"content":{"rendered":"<p>Bunte Zutaten, intensive Aromen und traditionelle Zubereitungsweisen machen diesen Kochkurs zu einem Fest der Sinne. Gemeinsam kochen wir typische Spezialit\u00e4ten aus L\u00e4ndern wie Peru, Brasilien und Argentinien \u2013 wie Ceviche, w\u00fcrzige Empanadas und aromatische Grillklassiker. Erleben Sie, wie Mais, Bohnen, Quinoa und exotische Fr\u00fcchte in Kombination mit Kr\u00e4utern und Gew\u00fcrzen eine einzigartige Geschmackswelt er\u00f6ffnen.<\/p>\n<p>Der Kochkurs beginnt um 18:30 Uhr!<\/p>\n<p>Wir freuen uns darauf Sie in unserer Kochschule willkommen hei\u00dfen zu d\u00fcrfen!<br \/>\nAdresse: Amtswiese 4, 73337 Bad \u00dcberkingen<\/p>\n","protected":false},"excerpt":{"rendered":"<p>Bunte Zutaten, intensive Aromen und traditionelle Zubereitungsweisen machen diesen Kochkurs zu einem Fest der Sinne. Gemeinsam kochen wir typische Spezialit\u00e4ten aus L\u00e4ndern wie Peru, Brasilien und Argentinien \u2013 wie Ceviche, w\u00fcrzige Empanadas und aromatische Grillklassiker. Erleben Sie, wie Mais, Bohnen, Quinoa und exotische Fr\u00fcchte in Kombination mit Kr\u00e4utern und Gew\u00fcrzen eine einzigartige Geschmackswelt er\u00f6ffnen. Der Kochkurs beginnt um 18:30 Uhr! Wir freuen uns darauf Sie in unserer Kochschule willkommen hei\u00dfen zu d\u00fcrfen! Adresse: Amtswiese 4, 73337 Bad \u00dcberkingen<\/p>\n","protected":false},"featured_media":4103,"comment_status":"open","ping_status":"closed","template":"","meta":[],"product_brand":[],"product_cat":[158],"product_tag":[],"class_list":{"0":"post-4285","1":"product","2":"type-product","3":"status-publish","4":"has-post-thumbnail","6":"product_cat-kochkurse","8":"first","9":"instock","10":"virtual","11":"taxable","12":"purchasable","13":"product-type-simple"},"_links":{"self":[{"href":"https:\/\/matthias-walter-koch.de\/index.php\/wp-json\/wp\/v2\/product\/4285","targetHints":{"allow":["GET"]}}],"collection":[{"href":"https:\/\/matthias-walter-koch.de\/index.php\/wp-json\/wp\/v2\/product"}],"about":[{"href":"https:\/\/matthias-walter-koch.de\/index.php\/wp-json\/wp\/v2\/types\/product"}],"replies":[{"embeddable":true,"href":"https:\/\/matthias-walter-koch.de\/index.php\/wp-json\/wp\/v2\/comments?post=4285"}],"wp:featuredmedia":[{"embeddable":true,"href":"https:\/\/matthias-walter-koch.de\/index.php\/wp-json\/wp\/v2\/media\/4103"}],"wp:attachment":[{"href":"https:\/\/matthias-walter-koch.de\/index.php\/wp-json\/wp\/v2\/media?parent=4285"}],"wp:term":[{"taxonomy":"product_brand","embeddable":true,"href":"https:\/\/matthias-walter-koch.de\/index.php\/wp-json\/wp\/v2\/product_brand?post=4285"},{"taxonomy":"product_cat","embeddable":true,"href":"https:\/\/matthias-walter-koch.de\/index.php\/wp-json\/wp\/v2\/product_cat?post=4285"},{"taxonomy":"product_tag","embeddable":true,"href":"https:\/\/matthias-walter-koch.de\/index.php\/wp-json\/wp\/v2\/product_tag?post=4285"}],"curies":[{"name":"wp","href":"https:\/\/api.w.org\/{rel}","templated":true}]}}