{"id":2524,"date":"2017-12-21T17:22:29","date_gmt":"2017-12-21T16:22:29","guid":{"rendered":"http:\/\/matthias-walter-koch.de\/?post_type=product&#038;p=2524"},"modified":"2025-02-10T11:53:38","modified_gmt":"2025-02-10T10:53:38","slug":"httpsmatthias-walter-koch-dewp-contentuploads201712gartenfrische_shop-jpeg","status":"publish","type":"product","link":"https:\/\/matthias-walter-koch.de\/index.php\/produkt\/httpsmatthias-walter-koch-dewp-contentuploads201712gartenfrische_shop-jpeg\/","title":{"rendered":"Salat-\/Gem\u00fcse-Gew\u00fcrz-Salzmischung \u201eGartenfrische\u201c"},"content":{"rendered":"<p>Abf\u00fcllgewicht: 80g<br \/>\nZutaten:\u00a0Salz, getrockneter Liebst\u00f6ckel, Schnittlauch,\u00a0Petersilie, Dill, Senfk\u00f6rner, Paprika edels\u00fc\u00df, Zucker.<\/p>\n","protected":false},"excerpt":{"rendered":"<p>Mit dieser Gew\u00fcrzmischung k\u00f6nnen Sie jegliche Vinaigrettes, Essig-\u00d6l-Dressings, French-Dressings, Joghurt-Dressings und jegliche Art von Gartengem\u00fcse nach Ihrem belieben w\u00fcrzen. Die Gew\u00fcrzmischung eignet sich perfekt f\u00fcr alle Salat- und Gem\u00fcsebeilagen.<\/p>\n","protected":false},"featured_media":2525,"comment_status":"open","ping_status":"closed","template":"","meta":[],"product_brand":[],"product_cat":[24],"product_tag":[],"class_list":{"0":"post-2524","1":"product","2":"type-product","3":"status-publish","4":"has-post-thumbnail","6":"product_cat-gewuerze","7":"product_shipping_class-standardversand","9":"first","10":"instock","11":"taxable","12":"shipping-taxable","13":"purchasable","14":"product-type-simple"},"_links":{"self":[{"href":"https:\/\/matthias-walter-koch.de\/index.php\/wp-json\/wp\/v2\/product\/2524","targetHints":{"allow":["GET"]}}],"collection":[{"href":"https:\/\/matthias-walter-koch.de\/index.php\/wp-json\/wp\/v2\/product"}],"about":[{"href":"https:\/\/matthias-walter-koch.de\/index.php\/wp-json\/wp\/v2\/types\/product"}],"replies":[{"embeddable":true,"href":"https:\/\/matthias-walter-koch.de\/index.php\/wp-json\/wp\/v2\/comments?post=2524"}],"wp:featuredmedia":[{"embeddable":true,"href":"https:\/\/matthias-walter-koch.de\/index.php\/wp-json\/wp\/v2\/media\/2525"}],"wp:attachment":[{"href":"https:\/\/matthias-walter-koch.de\/index.php\/wp-json\/wp\/v2\/media?parent=2524"}],"wp:term":[{"taxonomy":"product_brand","embeddable":true,"href":"https:\/\/matthias-walter-koch.de\/index.php\/wp-json\/wp\/v2\/product_brand?post=2524"},{"taxonomy":"product_cat","embeddable":true,"href":"https:\/\/matthias-walter-koch.de\/index.php\/wp-json\/wp\/v2\/product_cat?post=2524"},{"taxonomy":"product_tag","embeddable":true,"href":"https:\/\/matthias-walter-koch.de\/index.php\/wp-json\/wp\/v2\/product_tag?post=2524"}],"curies":[{"name":"wp","href":"https:\/\/api.w.org\/{rel}","templated":true}]}}