{"id":2459,"date":"2017-12-17T00:54:49","date_gmt":"2017-12-16T23:54:49","guid":{"rendered":"http:\/\/matthias-walter-koch.de\/?post_type=product&#038;p=2459"},"modified":"2025-04-24T15:16:34","modified_gmt":"2025-04-24T13:16:34","slug":"gutschein-100e","status":"publish","type":"product","link":"https:\/\/matthias-walter-koch.de\/index.php\/produkt\/gutschein-100e\/","title":{"rendered":"Gutschein (100\u20ac)"},"content":{"rendered":"<p>\u00dcberraschen Sie Ihre Freunde, Bekannte oder Verwandten beim n\u00e4chsten Fest mit einem Gutschein von MWalter Sehen \u2013 Staunen \u2013 Schmecken! Wof\u00fcr der Gutschein eingel\u00f6st wird kann individuell bestimmt werden, er ist f\u00fcr all unsere Dienstleistungen oder f\u00fcr unsere Produkte g\u00fcltig.<\/p>\n<p>Hinweis: Individuelle Gutscheinwerte k\u00f6nnen Sie gerne direkt bei uns per Mail bestellen: info@matthias-walter-koch.de<\/p>\n","protected":false},"excerpt":{"rendered":"<p>\u00dcberraschen Sie Ihre Freunde, Bekannte oder Verwandten beim n\u00e4chsten Fest mit einem Gutschein von MWalter Sehen \u2013 Staunen \u2013 Schmecken! Wof\u00fcr der Gutschein eingel\u00f6st wird kann individuell bestimmt werden, er ist f\u00fcr all unsere Dienstleistungen oder f\u00fcr unsere Produkte g\u00fcltig. Hinweis: Individuelle Gutscheinwerte k\u00f6nnen Sie gerne direkt bei uns per Mail bestellen: info@matthias-walter-koch.de<\/p>\n","protected":false},"featured_media":2434,"comment_status":"open","ping_status":"closed","template":"","meta":[],"product_brand":[],"product_cat":[26],"product_tag":[],"class_list":{"0":"post-2459","1":"product","2":"type-product","3":"status-publish","4":"has-post-thumbnail","6":"product_cat-gutscheine","7":"product_shipping_class-standardversand","9":"first","10":"instock","11":"virtual","12":"taxable","13":"purchasable","14":"product-type-simple"},"_links":{"self":[{"href":"https:\/\/matthias-walter-koch.de\/index.php\/wp-json\/wp\/v2\/product\/2459","targetHints":{"allow":["GET"]}}],"collection":[{"href":"https:\/\/matthias-walter-koch.de\/index.php\/wp-json\/wp\/v2\/product"}],"about":[{"href":"https:\/\/matthias-walter-koch.de\/index.php\/wp-json\/wp\/v2\/types\/product"}],"replies":[{"embeddable":true,"href":"https:\/\/matthias-walter-koch.de\/index.php\/wp-json\/wp\/v2\/comments?post=2459"}],"wp:featuredmedia":[{"embeddable":true,"href":"https:\/\/matthias-walter-koch.de\/index.php\/wp-json\/wp\/v2\/media\/2434"}],"wp:attachment":[{"href":"https:\/\/matthias-walter-koch.de\/index.php\/wp-json\/wp\/v2\/media?parent=2459"}],"wp:term":[{"taxonomy":"product_brand","embeddable":true,"href":"https:\/\/matthias-walter-koch.de\/index.php\/wp-json\/wp\/v2\/product_brand?post=2459"},{"taxonomy":"product_cat","embeddable":true,"href":"https:\/\/matthias-walter-koch.de\/index.php\/wp-json\/wp\/v2\/product_cat?post=2459"},{"taxonomy":"product_tag","embeddable":true,"href":"https:\/\/matthias-walter-koch.de\/index.php\/wp-json\/wp\/v2\/product_tag?post=2459"}],"curies":[{"name":"wp","href":"https:\/\/api.w.org\/{rel}","templated":true}]}}