{"id":2406,"date":"2017-12-10T13:58:02","date_gmt":"2017-12-10T12:58:02","guid":{"rendered":"http:\/\/matthias-walter-koch.de\/?post_type=product&#038;p=2406"},"modified":"2024-08-22T21:59:25","modified_gmt":"2024-08-22T19:59:25","slug":"schwein-gewuerz-salzmischung-saustark","status":"publish","type":"product","link":"https:\/\/matthias-walter-koch.de\/index.php\/produkt\/schwein-gewuerz-salzmischung-saustark\/","title":{"rendered":"Schwein-Gew\u00fcrz-Salzmischung \u201eSaustark\u201c"},"content":{"rendered":"<p>Abf\u00fcllgewicht: 80g<br \/>\nZutaten: Salz, Chiliflocken, Paprika edels\u00fc\u00df, Senfk\u00f6rner, K\u00fcmmel.<\/p>\n","protected":false},"excerpt":{"rendered":"<p>Mit dieser Gew\u00fcrzmischung k\u00f6nnen Sie Schweinebraten, Krustenbraten, Schweinerollbraten, Schweinenackensteaks etc. nach Ihrem belieben w\u00fcrzen. Die Gew\u00fcrzmischung eignet sich perfekt f\u00fcr alle Schweingerichte.<\/p>\n","protected":false},"featured_media":2407,"comment_status":"open","ping_status":"closed","template":"","meta":[],"product_brand":[],"product_cat":[24],"product_tag":[],"class_list":{"0":"post-2406","1":"product","2":"type-product","3":"status-publish","4":"has-post-thumbnail","6":"product_cat-gewuerze","8":"first","9":"instock","10":"taxable","11":"shipping-taxable","12":"purchasable","13":"product-type-simple"},"_links":{"self":[{"href":"https:\/\/matthias-walter-koch.de\/index.php\/wp-json\/wp\/v2\/product\/2406","targetHints":{"allow":["GET"]}}],"collection":[{"href":"https:\/\/matthias-walter-koch.de\/index.php\/wp-json\/wp\/v2\/product"}],"about":[{"href":"https:\/\/matthias-walter-koch.de\/index.php\/wp-json\/wp\/v2\/types\/product"}],"replies":[{"embeddable":true,"href":"https:\/\/matthias-walter-koch.de\/index.php\/wp-json\/wp\/v2\/comments?post=2406"}],"wp:featuredmedia":[{"embeddable":true,"href":"https:\/\/matthias-walter-koch.de\/index.php\/wp-json\/wp\/v2\/media\/2407"}],"wp:attachment":[{"href":"https:\/\/matthias-walter-koch.de\/index.php\/wp-json\/wp\/v2\/media?parent=2406"}],"wp:term":[{"taxonomy":"product_brand","embeddable":true,"href":"https:\/\/matthias-walter-koch.de\/index.php\/wp-json\/wp\/v2\/product_brand?post=2406"},{"taxonomy":"product_cat","embeddable":true,"href":"https:\/\/matthias-walter-koch.de\/index.php\/wp-json\/wp\/v2\/product_cat?post=2406"},{"taxonomy":"product_tag","embeddable":true,"href":"https:\/\/matthias-walter-koch.de\/index.php\/wp-json\/wp\/v2\/product_tag?post=2406"}],"curies":[{"name":"wp","href":"https:\/\/api.w.org\/{rel}","templated":true}]}}