{"id":2404,"date":"2017-12-10T13:56:19","date_gmt":"2017-12-10T12:56:19","guid":{"rendered":"http:\/\/matthias-walter-koch.de\/?post_type=product&#038;p=2404"},"modified":"2024-08-22T21:59:42","modified_gmt":"2024-08-22T19:59:42","slug":"rind-gewuerz-salzmischung-bauernstolz","status":"publish","type":"product","link":"https:\/\/matthias-walter-koch.de\/index.php\/produkt\/rind-gewuerz-salzmischung-bauernstolz\/","title":{"rendered":"Rind-Gew\u00fcrz-Salzmischung \u201eBauernstolz\u201c"},"content":{"rendered":"<p>Abf\u00fcllgewicht: 80g<br \/>\nZutaten: Salz, Lorbeer, Dill, Koriander, Knoblauch, wei\u00dfer Pfeffer, schwarzer Pfeffer.<\/p>\n","protected":false},"excerpt":{"rendered":"<p>Mit dieser Gew\u00fcrzmischung k\u00f6nnen Sie Rinderbraten, Sauerbraten, Schmorbraten, Rostbraten, Rindersteaks, etc. nach Ihrem belieben w\u00fcrzen. Die Gew\u00fcrzmischung eignet sich perfekt f\u00fcr alle Rindgerichte.<\/p>\n","protected":false},"featured_media":2405,"comment_status":"open","ping_status":"closed","template":"","meta":[],"product_brand":[],"product_cat":[24],"product_tag":[],"class_list":{"0":"post-2404","1":"product","2":"type-product","3":"status-publish","4":"has-post-thumbnail","6":"product_cat-gewuerze","8":"first","9":"instock","10":"taxable","11":"shipping-taxable","12":"purchasable","13":"product-type-simple"},"_links":{"self":[{"href":"https:\/\/matthias-walter-koch.de\/index.php\/wp-json\/wp\/v2\/product\/2404","targetHints":{"allow":["GET"]}}],"collection":[{"href":"https:\/\/matthias-walter-koch.de\/index.php\/wp-json\/wp\/v2\/product"}],"about":[{"href":"https:\/\/matthias-walter-koch.de\/index.php\/wp-json\/wp\/v2\/types\/product"}],"replies":[{"embeddable":true,"href":"https:\/\/matthias-walter-koch.de\/index.php\/wp-json\/wp\/v2\/comments?post=2404"}],"wp:featuredmedia":[{"embeddable":true,"href":"https:\/\/matthias-walter-koch.de\/index.php\/wp-json\/wp\/v2\/media\/2405"}],"wp:attachment":[{"href":"https:\/\/matthias-walter-koch.de\/index.php\/wp-json\/wp\/v2\/media?parent=2404"}],"wp:term":[{"taxonomy":"product_brand","embeddable":true,"href":"https:\/\/matthias-walter-koch.de\/index.php\/wp-json\/wp\/v2\/product_brand?post=2404"},{"taxonomy":"product_cat","embeddable":true,"href":"https:\/\/matthias-walter-koch.de\/index.php\/wp-json\/wp\/v2\/product_cat?post=2404"},{"taxonomy":"product_tag","embeddable":true,"href":"https:\/\/matthias-walter-koch.de\/index.php\/wp-json\/wp\/v2\/product_tag?post=2404"}],"curies":[{"name":"wp","href":"https:\/\/api.w.org\/{rel}","templated":true}]}}