{"id":2345,"date":"2017-11-06T21:01:09","date_gmt":"2017-11-06T20:01:09","guid":{"rendered":"http:\/\/matthias-walter-koch.de\/?post_type=product&#038;p=2345"},"modified":"2020-11-01T19:25:51","modified_gmt":"2020-11-01T18:25:51","slug":"crunch-roll-10er","status":"publish","type":"product","link":"https:\/\/matthias-walter-koch.de\/index.php\/produkt\/crunch-roll-10er\/","title":{"rendered":"Crunch-Roll 10er"},"content":{"rendered":"<p>Der von Matthias Walter entwickelte &#8222;Crunch Roll&#8220; bietet eine Vielzahl neuer M\u00f6glichkeiten f\u00fcr die K\u00fcche. Die Edelstahlrohre k\u00f6nnen mit fast jedem Teig ummantelt werden (Hefeteig, Briocheteig, Bl\u00e4tterteig, Wan-Tan Teig, Fr\u00fchlingsrollenteig,Filoteig, Strudelteig, etc.) und werden anschlie\u00dfend zubereitet (gebacken oder frittiert). Dank der praktischen Bauweise k\u00f6nnen sie einfach aus der Fritteuse oder dem Backofen entnommen werden und abk\u00fchlen. Anschlie\u00dfend l\u00e4sst sich ein perfektes hohles R\u00f6hrchen abschieben, das auf jede erdenkliche Art und Weise gef\u00fcllt werden kann.<\/p>\n","protected":false},"excerpt":{"rendered":"<p>Gr\u00f6\u00dfe: Gro\u00df (10 Rohre), 26 cm x 11 cm<\/p>\n","protected":false},"featured_media":2346,"comment_status":"open","ping_status":"closed","template":"","meta":[],"product_brand":[],"product_cat":[20],"product_tag":[],"class_list":{"0":"post-2345","1":"product","2":"type-product","3":"status-publish","4":"has-post-thumbnail","6":"product_cat-crunch-roll","8":"first","9":"instock","10":"taxable","11":"shipping-taxable","12":"purchasable","13":"product-type-simple"},"_links":{"self":[{"href":"https:\/\/matthias-walter-koch.de\/index.php\/wp-json\/wp\/v2\/product\/2345","targetHints":{"allow":["GET"]}}],"collection":[{"href":"https:\/\/matthias-walter-koch.de\/index.php\/wp-json\/wp\/v2\/product"}],"about":[{"href":"https:\/\/matthias-walter-koch.de\/index.php\/wp-json\/wp\/v2\/types\/product"}],"replies":[{"embeddable":true,"href":"https:\/\/matthias-walter-koch.de\/index.php\/wp-json\/wp\/v2\/comments?post=2345"}],"wp:featuredmedia":[{"embeddable":true,"href":"https:\/\/matthias-walter-koch.de\/index.php\/wp-json\/wp\/v2\/media\/2346"}],"wp:attachment":[{"href":"https:\/\/matthias-walter-koch.de\/index.php\/wp-json\/wp\/v2\/media?parent=2345"}],"wp:term":[{"taxonomy":"product_brand","embeddable":true,"href":"https:\/\/matthias-walter-koch.de\/index.php\/wp-json\/wp\/v2\/product_brand?post=2345"},{"taxonomy":"product_cat","embeddable":true,"href":"https:\/\/matthias-walter-koch.de\/index.php\/wp-json\/wp\/v2\/product_cat?post=2345"},{"taxonomy":"product_tag","embeddable":true,"href":"https:\/\/matthias-walter-koch.de\/index.php\/wp-json\/wp\/v2\/product_tag?post=2345"}],"curies":[{"name":"wp","href":"https:\/\/api.w.org\/{rel}","templated":true}]}}